{"id":69,"date":"2024-01-31T13:14:59","date_gmt":"2024-01-31T13:14:59","guid":{"rendered":"https:\/\/griep.name\/?page_id=69"},"modified":"2024-10-09T10:14:25","modified_gmt":"2024-10-09T10:14:25","slug":"impressum","status":"publish","type":"page","link":"https:\/\/griep.name\/index.php\/impressum\/","title":{"rendered":"Impressum"},"content":{"rendered":"\t\t<div data-elementor-type=\"wp-page\" data-elementor-id=\"69\" class=\"elementor elementor-69\">\n\t\t\t\t<div class=\"elementor-element elementor-element-105ac6a e-flex e-con-boxed wpr-particle-no wpr-jarallax-no wpr-parallax-no wpr-sticky-section-no e-con e-parent\" data-id=\"105ac6a\" data-element_type=\"container\" data-e-type=\"container\">\n\t\t\t\t\t<div class=\"e-con-inner\">\n\t\t\t\t<div class=\"elementor-element elementor-element-d2ecd74 wpr-main-menu-align-right wpr-main-menu-align--tabletleft wpr-main-menu-align--mobileleft wpr-pointer-underline wpr-pointer-line-fx wpr-pointer-fx-fade wpr-sub-icon-caret-down wpr-sub-menu-fx-fade wpr-nav-menu-bp-tablet wpr-mobile-menu-display-dropdown wpr-mobile-menu-full-width wpr-mobile-toggle-v1 wpr-sub-divider-yes wpr-mobile-divider-yes elementor-widget elementor-widget-wpr-mega-menu\" data-id=\"d2ecd74\" data-element_type=\"widget\" data-e-type=\"widget\" data-settings=\"{&quot;menu_layout&quot;:&quot;horizontal&quot;}\" data-widget_type=\"wpr-mega-menu.default\">\n\t\t\t\t<div class=\"elementor-widget-container\">\n\t\t\t\t\t<nav class=\"wpr-nav-menu-container wpr-mega-menu-container wpr-nav-menu-horizontal\" data-trigger=\"hover\"><ul id=\"menu-1-d2ecd74\" class=\"wpr-nav-menu wpr-mega-menu\"><li class=\"menu-item menu-item-type-post_type menu-item-object-page menu-item-home menu-item-50\"><a href=\"https:\/\/griep.name\/\" class=\"wpr-menu-item wpr-pointer-item\"><span>Home<\/span><\/a><\/li>\n<li class=\"menu-item menu-item-type-post_type menu-item-object-page menu-item-privacy-policy menu-item-49\"><a href=\"https:\/\/griep.name\/index.php\/privacy-policy\/\" class=\"wpr-menu-item wpr-pointer-item\"><span>Datenschutzerkl\u00e4rung<\/span><\/a><\/li>\n<li class=\"menu-item menu-item-type-post_type menu-item-object-page menu-item-83\"><a href=\"https:\/\/griep.name\/index.php\/impressum\/\" class=\"wpr-menu-item wpr-pointer-item\"><span>Impressum<\/span><\/a><\/li>\n<li class=\"menu-item menu-item-type-custom menu-item-object-custom menu-item-181\"><a href=\"https:\/\/griep.name\/wp-admin\/\" class=\"wpr-menu-item wpr-pointer-item\"><span>\uf8ff<\/span><\/a><\/li>\n<\/ul><\/nav><nav class=\"wpr-mobile-nav-menu-container\"><div class=\"wpr-mobile-toggle-wrap\"><div class=\"wpr-mobile-toggle\"><span class=\"wpr-mobile-toggle-line\"><\/span><span class=\"wpr-mobile-toggle-line\"><\/span><span class=\"wpr-mobile-toggle-line\"><\/span><\/div><\/div><div class=\"wpr-mobile-mega-menu-wrap \" toggle-backface=\"\"><ul id=\"mobile-menu-2-d2ecd74\" class=\"wpr-mobile-nav-menu wpr-mobile-mega-menu\"><li class=\"menu-item menu-item-type-post_type menu-item-object-page menu-item-home menu-item-50\"><a href=\"https:\/\/griep.name\/\" class=\"wpr-mobile-menu-item\">Home<\/a><\/li>\n<li class=\"menu-item menu-item-type-post_type menu-item-object-page menu-item-privacy-policy menu-item-49\"><a href=\"https:\/\/griep.name\/index.php\/privacy-policy\/\" class=\"wpr-mobile-menu-item\">Datenschutzerkl\u00e4rung<\/a><\/li>\n<li class=\"menu-item menu-item-type-post_type menu-item-object-page menu-item-83\"><a href=\"https:\/\/griep.name\/index.php\/impressum\/\" class=\"wpr-mobile-menu-item\">Impressum<\/a><\/li>\n<li class=\"menu-item menu-item-type-custom menu-item-object-custom menu-item-181\"><a href=\"https:\/\/griep.name\/wp-admin\/\" class=\"wpr-mobile-menu-item\">\uf8ff<\/a><\/li>\n<\/ul><\/div><\/nav>\t\t\t\t<\/div>\n\t\t\t\t<\/div>\n\t\t\t\t\t<\/div>\n\t\t\t\t<\/div>\n\t\t<div class=\"elementor-element elementor-element-c86271d e-flex e-con-boxed wpr-particle-no wpr-jarallax-no wpr-parallax-no wpr-sticky-section-no e-con e-parent\" data-id=\"c86271d\" data-element_type=\"container\" data-e-type=\"container\">\n\t\t\t\t\t<div class=\"e-con-inner\">\n\t\t\t\t<div class=\"elementor-element elementor-element-a63816d elementor-widget elementor-widget-text-editor\" data-id=\"a63816d\" data-element_type=\"widget\" data-e-type=\"widget\" data-widget_type=\"text-editor.default\">\n\t\t\t\t<div class=\"elementor-widget-container\">\n\t\t\t\t\t\t\t\t\t<table class=\"contentpaneopen\"><tbody><tr><td colspan=\"2\" valign=\"top\"><table border=\"0\" width=\"630\" cellspacing=\"2\" cellpadding=\"3\"><tbody><tr><td class=\"flies12grau\" width=\"199\"><span style=\"font-size: small;\">Angaben:<\/span><\/td><td class=\"flies12grau\" colspan=\"3\"><span style=\"font-size: small;\"><span class=\"pixelmaker\"><strong>Dieses ist eine private Webseite<\/strong><br \/><\/span><\/span><\/td><\/tr><tr><td><span style=\"font-size: small;\">inhaber:<\/span><\/td><td colspan=\"3\"><span style=\"font-size: small;\">Ralf Griep<\/span><\/td><\/tr><tr><td><span style=\"font-size: small;\">adresse:<\/span><\/td><td class=\"flies12grau\" colspan=\"3\"><span style=\"font-size: small;\">Stra\u00dfe des Friedens 9 \u2022 D-09337 Callenberg<\/span><\/td><\/tr><tr><td><span style=\"font-size: small;\">tel.:<\/span><\/td><td class=\"flies12grau\"><span style=\"font-size: small;\">(++49) 03723-6299667<\/span><\/td><\/tr><tr><td class=\"flies12grau\" width=\"99\"><span class=\"fliesstxt12px\"><span style=\"font-size: small;\">fax:<\/span><\/span><\/td><td class=\"flies12grau\" colspan=\"3\"><span class=\"fliesstxt12px\"><span style=\"font-size: small;\">(++49) 03723-6299668<\/span><\/span><\/td><\/tr><tr><td class=\"flies12grau\" width=\"99\"><span class=\"fliesstxt12px\"><span style=\"font-size: small;\">mail:<\/span><\/span><\/td><td class=\"flies12grau\" colspan=\"3\"><a href=\"mailto:ralf@griep.name\">ralf@griep.name<\/a><\/td><\/tr><tr><td class=\"flies12grau\" width=\"99\"><span style=\"font-size: small;\">URL:<\/span><\/td><td><span style=\"font-size: small;\">https:\/\/<span class=\"pixelmaker\">griep.name<\/span><\/span><\/td><\/tr><\/tbody><\/table><\/td><\/tr><\/tbody><\/table>\t\t\t\t\t\t\t\t<\/div>\n\t\t\t\t<\/div>\n\t\t\t\t<div class=\"elementor-element elementor-element-517ccb6 elementor-widget elementor-widget-text-editor\" data-id=\"517ccb6\" data-element_type=\"widget\" data-e-type=\"widget\" data-widget_type=\"text-editor.default\">\n\t\t\t\t<div class=\"elementor-widget-container\">\n\t\t\t\t\t\t\t\t\t<table border=\"0\" width=\"630\" cellspacing=\"2\" cellpadding=\"3\">\n<tbody>\n<tr>\n\n<td class=\"flies12grau\" colspan=\"2\"><span style=\"font-size: small;\"><strong>Hinweise zum Copyright und Urheberschutz:<\/strong>\nAlle von uns hergestellten Entw\u00fcrfe und alle von uns hergestellten Fotografien genie\u00dfen den Schutz des aktuellen Urheberschutzgesetzes.\nAlle von uns entworfenen und alle nach diesen Entw\u00fcrfen hergestellte Produkte genie\u00dfen den Schutz eines Gemeinschaftsmusterschutzes, gleich ob dieser eingetragen ist oder nicht.\nJegliche Nachahmung oder Kopie unserer Entw\u00fcrfe und Produkte oder die Verwendung unserer Entw\u00fcrfe und Fotografien ohne unsere ausdr\u00fcckliche schriftliche Genehmigung wird von uns unnachgiebig auf dem Rechtsweg verfolgt.<\/span><\/td>\n\n<td class=\"flies12grau\"><\/td>\n<td class=\"flies12grau\" colspan=\"4\"><span style=\"font-size: small;\"><strong>Haftungshinweis:\u00a0<\/strong>Trotz sorgf\u00e4ltiger inhaltlicher Kontrolle \u00fcbernehmen wir keine Haftung f\u00fcr die Inhalte externer Links. F\u00fcr den Inhalt der verlinkten Seiten sind ausschlie\u00dflich deren Betreiber verantwortlich.<\/span><\/td>\n<\/tr>\n<\/tbody>\n<\/table>\t\t\t\t\t\t\t\t<\/div>\n\t\t\t\t<\/div>\n\t\t\t\t\t<\/div>\n\t\t\t\t<\/div>\n\t\t\t\t<\/div>\n\t\t","protected":false},"excerpt":{"rendered":"<p>Home Datenschutzerkl\u00e4rung Impressum \uf8ff Home Datenschutzerkl\u00e4rung Impressum \uf8ff Angaben: Dieses ist eine private Webseite inhaber: Ralf Griep adresse: Stra\u00dfe des Friedens 9 \u2022 D-09337 Callenberg tel.: (++49) 03723-6299667 fax: (++49) 03723-6299668 mail: ralf@griep.name URL: https:\/\/griep.name Hinweise zum Copyright und Urheberschutz: Alle von uns hergestellten Entw\u00fcrfe und alle von uns hergestellten Fotografien genie\u00dfen den Schutz des aktuellen Urheberschutzgesetzes. Alle von uns entworfenen und alle nach diesen Entw\u00fcrfen hergestellte Produkte genie\u00dfen den Schutz eines Gemeinschaftsmusterschutzes, gleich ob dieser eingetragen ist oder nicht. Jegliche Nachahmung oder Kopie unserer Entw\u00fcrfe und Produkte oder die Verwendung unserer Entw\u00fcrfe und Fotografien ohne unsere ausdr\u00fcckliche schriftliche Genehmigung wird von uns unnachgiebig auf dem Rechtsweg verfolgt. Haftungshinweis:\u00a0Trotz sorgf\u00e4ltiger inhaltlicher Kontrolle \u00fcbernehmen wir keine Haftung f\u00fcr die Inhalte externer Links. F\u00fcr den Inhalt der verlinkten Seiten sind ausschlie\u00dflich deren Betreiber verantwortlich.<\/p>\n","protected":false},"author":2,"featured_media":0,"parent":0,"menu_order":0,"comment_status":"closed","ping_status":"closed","template":"elementor_canvas","meta":{"footnotes":""},"class_list":["post-69","page","type-page","status-publish","hentry"],"_links":{"self":[{"href":"https:\/\/griep.name\/index.php\/wp-json\/wp\/v2\/pages\/69","targetHints":{"allow":["GET"]}}],"collection":[{"href":"https:\/\/griep.name\/index.php\/wp-json\/wp\/v2\/pages"}],"about":[{"href":"https:\/\/griep.name\/index.php\/wp-json\/wp\/v2\/types\/page"}],"author":[{"embeddable":true,"href":"https:\/\/griep.name\/index.php\/wp-json\/wp\/v2\/users\/2"}],"replies":[{"embeddable":true,"href":"https:\/\/griep.name\/index.php\/wp-json\/wp\/v2\/comments?post=69"}],"version-history":[{"count":14,"href":"https:\/\/griep.name\/index.php\/wp-json\/wp\/v2\/pages\/69\/revisions"}],"predecessor-version":[{"id":218,"href":"https:\/\/griep.name\/index.php\/wp-json\/wp\/v2\/pages\/69\/revisions\/218"}],"wp:attachment":[{"href":"https:\/\/griep.name\/index.php\/wp-json\/wp\/v2\/media?parent=69"}],"curies":[{"name":"wp","href":"https:\/\/api.w.org\/{rel}","templated":true}]}}